{"id":2161,"date":"2021-11-16T13:17:46","date_gmt":"2021-11-16T11:17:46","guid":{"rendered":"https:\/\/www.deltamobleandorra.com\/delta-mueble-diseno-innovacion-y-modernidad-escaldes-engordany-andorra\/"},"modified":"2024-01-02T19:31:19","modified_gmt":"2024-01-02T17:31:19","slug":"delta-mueble-diseno-innovacion-y-modernidad-escaldes-engordany-andorra","status":"publish","type":"page","link":"https:\/\/www.deltamobleandorra.com\/es\/","title":{"rendered":"Delta Moble \u2013 Interiorismo Andorra"},"content":{"rendered":"<section class=\"wpb-content-wrapper\"><p>[vc_row full_width=\u00bbstretch_row_content\u00bb full_height=\u00bbyes\u00bb css_animation=\u00bbfadeIn\u00bb el_class=\u00bbhomekey\u00bb][vc_column]\n\t\t\t<!-- START Benvinguda REVOLUTION SLIDER 6.6.18 --><p class=\"rs-p-wp-fix\"><\/p>\n\t\t\t<rs-module-wrap id=\"rev_slider_3_1_wrapper\" data-source=\"gallery\" style=\"visibility:hidden;background:transparent;padding:0;\">\n\t\t\t\t<rs-module id=\"rev_slider_3_1\" style=\"\" data-version=\"6.6.18\">\n\t\t\t\t\t<rs-slides style=\"overflow: hidden; position: absolute;\">\n\t\t\t\t\t\t<rs-slide style=\"position: absolute;\" data-key=\"rs-15\" data-title=\"Slide\" data-anim=\"ms:1000;r:0;\" data-in=\"o:0;\" data-out=\"a:false;\">\n\t\t\t\t\t\t\t<img decoding=\"async\" src=\"\/\/www.deltamobleandorra.com\/wp-content\/plugins\/revslider\/public\/assets\/assets\/dummy.png\" alt=\"\" title=\"header\" width=\"2133\" height=\"1260\" class=\"rev-slidebg tp-rs-img rs-lazyload\" data-lazyload=\"\/\/www.deltamobleandorra.com\/wp-content\/uploads\/2022\/01\/header.jpg\" data-no-retina>\n<!--\t\t\t\t\t\t--><rs-zone id=\"rrzm_15\" class=\"rev_row_zone_middle\" style=\"z-index: 12;\"><!--\n\n\t\t\t\t\t\t\t\t--><rs-row\n\t\t\t\t\t\t\t\t\tid=\"slider-3-slide-15-layer-2\" \n\t\t\t\t\t\t\t\t\tdata-type=\"row\"\n\t\t\t\t\t\t\t\t\tdata-xy=\"xo:50px;yo:166px;\"\n\t\t\t\t\t\t\t\t\tdata-basealign=\"slide\"\n\t\t\t\t\t\t\t\t\tdata-rsp_bd=\"off\"\n\t\t\t\t\t\t\t\t\tdata-padding=\"t:10;r:10;b:10;l:10;\"\n\t\t\t\t\t\t\t\t\tdata-frame_0=\"o:1;\"\n\t\t\t\t\t\t\t\t\tdata-frame_999=\"o:0;st:w;sA:4000;\"\n\t\t\t\t\t\t\t\t\tstyle=\"z-index:1;\"\n\t\t\t\t\t\t\t\t><!--\n\t\t\t\t\t\t\t\t\t--><rs-column\n\t\t\t\t\t\t\t\t\t\tid=\"slider-3-slide-15-layer-3\" \n\t\t\t\t\t\t\t\t\t\tdata-type=\"column\"\n\t\t\t\t\t\t\t\t\t\tdata-xy=\"xo:50px;yo:166px;\"\n\t\t\t\t\t\t\t\t\t\tdata-rsp_bd=\"off\"\n\t\t\t\t\t\t\t\t\t\tdata-column=\"w:16.67%;\"\n\t\t\t\t\t\t\t\t\t\tdata-padding=\"t:10;r:10;b:10;l:10;\"\n\t\t\t\t\t\t\t\t\t\tdata-frame_0=\"o:1;\"\n\t\t\t\t\t\t\t\t\t\tdata-frame_999=\"o:0;st:w;sA:4000;\"\n\t\t\t\t\t\t\t\t\t\tstyle=\"z-index:2;width:100%;\"\n\t\t\t\t\t\t\t\t\t><!--\t\t\t\t\t\t\t\t\t--><\/rs-column><!--\n\n\t\t\t\t\t\t\t\t\t--><rs-column\n\t\t\t\t\t\t\t\t\t\tid=\"slider-3-slide-15-layer-4\" \n\t\t\t\t\t\t\t\t\t\tdata-type=\"column\"\n\t\t\t\t\t\t\t\t\t\tdata-xy=\"xo:50px;yo:166px;\"\n\t\t\t\t\t\t\t\t\t\tdata-text=\"a:center;\"\n\t\t\t\t\t\t\t\t\t\tdata-rsp_bd=\"off\"\n\t\t\t\t\t\t\t\t\t\tdata-column=\"w:66.67%;a:middle;\"\n\t\t\t\t\t\t\t\t\t\tdata-padding=\"t:10;r:10;b:10;l:10;\"\n\t\t\t\t\t\t\t\t\t\tdata-frame_0=\"o:1;\"\n\t\t\t\t\t\t\t\t\t\tdata-frame_999=\"o:0;st:w;sA:4000;\"\n\t\t\t\t\t\t\t\t\t\tstyle=\"z-index:3;width:100%;\"\n\t\t\t\t\t\t\t\t\t><!--\n\t\t\t\t\t\t\t\t\t\t--><h2\n\t\t\t\t\t\t\t\t\t\t\tid=\"slider-3-slide-15-layer-0\" \n\t\t\t\t\t\t\t\t\t\t\tclass=\"rs-layer\"\n\t\t\t\t\t\t\t\t\t\t\tdata-type=\"text\"\n\t\t\t\t\t\t\t\t\t\t\tdata-rsp_ch=\"on\"\n\t\t\t\t\t\t\t\t\t\t\tdata-xy=\"\"\n\t\t\t\t\t\t\t\t\t\t\tdata-pos=\"r\"\n\t\t\t\t\t\t\t\t\t\t\tdata-text=\"w:normal;s:56,46,34,34;l:50,41,31,31;a:center;\"\n\t\t\t\t\t\t\t\t\t\t\tdata-basealign=\"slide\"\n\t\t\t\t\t\t\t\t\t\t\tdata-frame_1=\"e:power4.inOut;st:500;sp:1500;\"\n\t\t\t\t\t\t\t\t\t\t\tdata-frame_999=\"o:0;e:power4.inOut;st:w;sp:1000;\"\n\t\t\t\t\t\t\t\t\t\t\tstyle=\"z-index:4;font-family:'Ropa Sans';\"\n\t\t\t\t\t\t\t\t\t\t><span class=\"serif\">Dise\u00f1os exclusivos y atemporales<\/span>. Te traemos la mejor selecci\u00f3n en marcas de mobiliario internacional y arte contempor\u00e1neo. \n\t\t\t\t\t\t\t\t\t\t<\/h2><!--\n\t\t\t\t\t\t\t\t\t--><\/rs-column><!--\n\n\t\t\t\t\t\t\t\t\t--><rs-column\n\t\t\t\t\t\t\t\t\t\tid=\"slider-3-slide-15-layer-8\" \n\t\t\t\t\t\t\t\t\t\tdata-type=\"column\"\n\t\t\t\t\t\t\t\t\t\tdata-xy=\"xo:50px;yo:50px;\"\n\t\t\t\t\t\t\t\t\t\tdata-rsp_bd=\"off\"\n\t\t\t\t\t\t\t\t\t\tdata-column=\"w:16.67%;\"\n\t\t\t\t\t\t\t\t\t\tdata-padding=\"t:10;r:10;b:10;l:10;\"\n\t\t\t\t\t\t\t\t\t\tdata-frame_0=\"o:1;\"\n\t\t\t\t\t\t\t\t\t\tdata-frame_999=\"o:0;st:w;sA:4000;\"\n\t\t\t\t\t\t\t\t\t\tstyle=\"z-index:5;width:100%;\"\n\t\t\t\t\t\t\t\t\t><!--\t\t\t\t\t\t\t\t\t--><\/rs-column><!--\n\t\t\t\t\t\t\t\t--><\/rs-row><!--\n\t\t\t\t\t\t\t--><\/rs-zone><!--\n\n\t\t\t\t\t\t\t--><rs-layer\n\t\t\t\t\t\t\t\tid=\"slider-3-slide-15-layer-12\" \n\t\t\t\t\t\t\t\tdata-type=\"shape\"\n\t\t\t\t\t\t\t\tdata-rsp_ch=\"on\"\n\t\t\t\t\t\t\t\tdata-text=\"w:normal;s:20,16,12,12;l:0,20,15,15;\"\n\t\t\t\t\t\t\t\tdata-dim=\"w:100%;h:100%;\"\n\t\t\t\t\t\t\t\tdata-basealign=\"slide\"\n\t\t\t\t\t\t\t\tdata-frame_999=\"o:0;st:w;\"\n\t\t\t\t\t\t\t\tstyle=\"z-index:10;background-color:rgba(0,0,0,0.3);\"\n\t\t\t\t\t\t\t> \n\t\t\t\t\t\t\t<\/rs-layer><!--\n-->\t\t\t\t\t\t<\/rs-slide>\n\t\t\t\t\t\t<rs-slide style=\"position: absolute;\" data-key=\"rs-16\" data-title=\"Slide\" data-anim=\"ms:1000;r:0;\" data-in=\"o:0;\" data-out=\"a:false;\">\n\t\t\t\t\t\t\t<img decoding=\"async\" src=\"\/\/www.deltamobleandorra.com\/wp-content\/plugins\/revslider\/public\/assets\/assets\/dummy.png\" alt=\"\" title=\"Delta-Moble-HomeKey-002\" width=\"1800\" height=\"1200\" class=\"rev-slidebg tp-rs-img rs-lazyload\" data-lazyload=\"\/\/www.deltamobleandorra.com\/wp-content\/uploads\/2021\/11\/Delta-Moble-HomeKey-002.jpg\" data-no-retina>\n<!--\t\t\t\t\t\t--><rs-zone id=\"rrzm_16\" class=\"rev_row_zone_middle\" style=\"z-index: 12;\"><!--\n\n\t\t\t\t\t\t\t\t--><rs-row\n\t\t\t\t\t\t\t\t\tid=\"slider-3-slide-16-layer-2\" \n\t\t\t\t\t\t\t\t\tdata-type=\"row\"\n\t\t\t\t\t\t\t\t\tdata-xy=\"xo:50px;yo:166px;\"\n\t\t\t\t\t\t\t\t\tdata-basealign=\"slide\"\n\t\t\t\t\t\t\t\t\tdata-rsp_bd=\"off\"\n\t\t\t\t\t\t\t\t\tdata-padding=\"t:10;r:10;b:10;l:10;\"\n\t\t\t\t\t\t\t\t\tdata-frame_0=\"o:1;\"\n\t\t\t\t\t\t\t\t\tdata-frame_999=\"o:0;st:w;sA:4000;\"\n\t\t\t\t\t\t\t\t\tstyle=\"z-index:1;\"\n\t\t\t\t\t\t\t\t><!--\n\t\t\t\t\t\t\t\t\t--><rs-column\n\t\t\t\t\t\t\t\t\t\tid=\"slider-3-slide-16-layer-3\" \n\t\t\t\t\t\t\t\t\t\tdata-type=\"column\"\n\t\t\t\t\t\t\t\t\t\tdata-xy=\"xo:50px;yo:166px;\"\n\t\t\t\t\t\t\t\t\t\tdata-rsp_bd=\"off\"\n\t\t\t\t\t\t\t\t\t\tdata-column=\"w:16.67%;\"\n\t\t\t\t\t\t\t\t\t\tdata-padding=\"t:10;r:10;b:10;l:10;\"\n\t\t\t\t\t\t\t\t\t\tdata-frame_0=\"o:1;\"\n\t\t\t\t\t\t\t\t\t\tdata-frame_999=\"o:0;st:w;sA:4000;\"\n\t\t\t\t\t\t\t\t\t\tstyle=\"z-index:2;width:100%;\"\n\t\t\t\t\t\t\t\t\t><!--\t\t\t\t\t\t\t\t\t--><\/rs-column><!--\n\n\t\t\t\t\t\t\t\t\t--><rs-column\n\t\t\t\t\t\t\t\t\t\tid=\"slider-3-slide-16-layer-4\" \n\t\t\t\t\t\t\t\t\t\tdata-type=\"column\"\n\t\t\t\t\t\t\t\t\t\tdata-xy=\"xo:50px;yo:166px;\"\n\t\t\t\t\t\t\t\t\t\tdata-rsp_bd=\"off\"\n\t\t\t\t\t\t\t\t\t\tdata-column=\"w:66.67%;\"\n\t\t\t\t\t\t\t\t\t\tdata-padding=\"t:10;r:10;b:10;l:10;\"\n\t\t\t\t\t\t\t\t\t\tdata-frame_0=\"o:1;\"\n\t\t\t\t\t\t\t\t\t\tdata-frame_999=\"o:0;st:w;sA:4000;\"\n\t\t\t\t\t\t\t\t\t\tstyle=\"z-index:3;width:100%;\"\n\t\t\t\t\t\t\t\t\t><!--\n\t\t\t\t\t\t\t\t\t\t--><h2\n\t\t\t\t\t\t\t\t\t\t\tid=\"slider-3-slide-16-layer-0\" \n\t\t\t\t\t\t\t\t\t\t\tclass=\"rs-layer\"\n\t\t\t\t\t\t\t\t\t\t\tdata-type=\"text\"\n\t\t\t\t\t\t\t\t\t\t\tdata-rsp_ch=\"on\"\n\t\t\t\t\t\t\t\t\t\t\tdata-xy=\"\"\n\t\t\t\t\t\t\t\t\t\t\tdata-pos=\"r\"\n\t\t\t\t\t\t\t\t\t\t\tdata-text=\"w:normal;s:56,46,34,34;l:50,41,31,31;a:center;\"\n\t\t\t\t\t\t\t\t\t\t\tdata-basealign=\"slide\"\n\t\t\t\t\t\t\t\t\t\t\tdata-frame_1=\"e:power4.inOut;st:500;sp:1500;\"\n\t\t\t\t\t\t\t\t\t\t\tdata-frame_999=\"o:0;e:power4.inOut;st:w;sp:1000;\"\n\t\t\t\t\t\t\t\t\t\t\tstyle=\"z-index:4;font-family:'Ropa Sans';\"\n\t\t\t\t\t\t\t\t\t\t><span class=\"serif\">Dise\u00f1os exclusivos y atemporales<\/span>. Te traemos la mejor selecci\u00f3n en marcas de mobiliario internacional y arte contempor\u00e1neo. \n\t\t\t\t\t\t\t\t\t\t<\/h2><!--\n\t\t\t\t\t\t\t\t\t--><\/rs-column><!--\n\n\t\t\t\t\t\t\t\t\t--><rs-column\n\t\t\t\t\t\t\t\t\t\tid=\"slider-3-slide-16-layer-8\" \n\t\t\t\t\t\t\t\t\t\tdata-type=\"column\"\n\t\t\t\t\t\t\t\t\t\tdata-xy=\"xo:50px;yo:50px;\"\n\t\t\t\t\t\t\t\t\t\tdata-rsp_bd=\"off\"\n\t\t\t\t\t\t\t\t\t\tdata-column=\"w:16.67%;\"\n\t\t\t\t\t\t\t\t\t\tdata-padding=\"t:10;r:10;b:10;l:10;\"\n\t\t\t\t\t\t\t\t\t\tdata-frame_0=\"o:1;\"\n\t\t\t\t\t\t\t\t\t\tdata-frame_999=\"o:0;st:w;sA:4000;\"\n\t\t\t\t\t\t\t\t\t\tstyle=\"z-index:5;width:100%;\"\n\t\t\t\t\t\t\t\t\t><!--\t\t\t\t\t\t\t\t\t--><\/rs-column><!--\n\t\t\t\t\t\t\t\t--><\/rs-row><!--\n\t\t\t\t\t\t\t--><\/rs-zone><!--\n\n\t\t\t\t\t\t\t--><rs-layer\n\t\t\t\t\t\t\t\tid=\"slider-3-slide-16-layer-12\" \n\t\t\t\t\t\t\t\tdata-type=\"shape\"\n\t\t\t\t\t\t\t\tdata-rsp_ch=\"on\"\n\t\t\t\t\t\t\t\tdata-text=\"w:normal;s:20,16,12,12;l:0,20,15,15;\"\n\t\t\t\t\t\t\t\tdata-dim=\"w:100%;h:100%;\"\n\t\t\t\t\t\t\t\tdata-basealign=\"slide\"\n\t\t\t\t\t\t\t\tdata-frame_999=\"o:0;st:w;\"\n\t\t\t\t\t\t\t\tstyle=\"z-index:10;background-color:rgba(0,0,0,0.3);\"\n\t\t\t\t\t\t\t> \n\t\t\t\t\t\t\t<\/rs-layer><!--\n-->\t\t\t\t\t\t<\/rs-slide>\n\t\t\t\t\t<\/rs-slides>\n\t\t\t\t<\/rs-module>\n\t\t\t\t<script>\n\t\t\t\t\tsetREVStartSize({c: 'rev_slider_3_1',rl:[1240,1024,778,778],el:[900,768,960,960],gw:[1240,1024,778,778],gh:[900,768,960,960],type:'standard',justify:'',layout:'fullscreen',offsetContainer:'',offset:'',mh:\"0\"});if (window.RS_MODULES!==undefined && window.RS_MODULES.modules!==undefined && window.RS_MODULES.modules[\"revslider31\"]!==undefined) {window.RS_MODULES.modules[\"revslider31\"].once = false;window.revapi3 = undefined;if (window.RS_MODULES.checkMinimal!==undefined) window.RS_MODULES.checkMinimal()}\n\t\t\t\t<\/script>\n\t\t\t<\/rs-module-wrap>\n\t\t\t<!-- END REVOLUTION SLIDER -->\n[\/vc_column][\/vc_row][vc_row full_width=\u00bbstretch_row\u00bb el_class=\u00bbsection_large\u00bb][vc_column][vc_row_inner content_placement=\u00bbbottom\u00bb][vc_column_inner width=\u00bb8\/12&#8243;][vc_column_text css_animation=\u00bbfadeIn\u00bb]<\/p>\n<h1>Te ofrecemos servicios integrales y personalizados de interiorismo Andorra con una <span class=\"serif\">amplia gama de productos<\/span> de primeras marcas internacionales<\/h1>\n<p>[\/vc_column_text][vc_column_text css_animation=\u00bbfadeIn\u00bb]Nuestro conocimiento en marcas de dise\u00f1o contempor\u00e1neo nos permite asesorarte en la mejor selecci\u00f3n de productos. Contamos con una equipo de interioristas para ayudarte en tus proyectos, tanto si eres un cliente particular como si eres un profesional del sector.[\/vc_column_text][\/vc_column_inner][vc_column_inner width=\u00bb4\/12&#8243;][vc_column_text el_class=\u00bbright\u00bb css=\u00bb.vc_custom_1638432574796{margin-top: 20px !important;}\u00bb]<\/p>\n<h4><a href=\"\/productes\/\">Tots els productes<\/a><\/h4>\n<p>[\/vc_column_text][\/vc_column_inner][\/vc_row_inner][vc_row_inner el_class=\u00bbsection_mid\u00bb css=\u00bb.vc_custom_1637223919760{margin-bottom: 100px !important;}\u00bb][vc_column_inner][vc_basic_grid post_type=\u00bbpage\u00bb max_items=\u00bb6&#8243; gap=\u00bb20&#8243; orderby=\u00bbrand\u00bb item=\u00bb257&#8243; grid_id=\u00bbvc_gid:1704216382447-e512731a7d8bf0d750d8f1a4cbd59585-2&#8243; exclude=\u00bb16, 3, 13, 49, 318, 700, 703&#8243;][\/vc_column_inner][\/vc_row_inner][\/vc_column][\/vc_row][vc_row full_width=\u00bbstretch_row\u00bb el_class=\u00bbsection_large gris\u00bb][vc_column][vc_row_inner content_placement=\u00bbbottom\u00bb][vc_column_inner width=\u00bb8\/12&#8243;][vc_column_text css_animation=\u00bbfadeIn\u00bb]<\/p>\n<h2>En nuestro <span class=\"serif\">showroom de Escaldes<\/span> encontrar\u00e1s un espacio \u00fanico donde conviven el mejor dise\u00f1o i el arte contempor\u00e1neo<\/h2>\n<p>[\/vc_column_text][vc_column_text css_animation=\u00bbfadeIn\u00bb]Desde 1979, nuestra tienda es un referente en interiorismo en Andorra. En el showroom encontrar\u00e1s una exposici\u00f3n de obras de arte contempor\u00e1neo y de piezas de mobiliario para el hogar y para la oficina. Productos y complementos para interior y exterior, cocinas, ba\u00f1os, iluminaci\u00f3n decorativa y t\u00e9cnica de las mejores firmas internacionales.[\/vc_column_text][\/vc_column_inner][vc_column_inner width=\u00bb4\/12&#8243;][vc_column_text el_class=\u00bbright\u00bb css=\u00bb.vc_custom_1704216645447{margin-top: 20px !important;}\u00bb]<\/p>\n<h4><a href=\"\/contacte\/\">Contacto<\/a><\/h4>\n<p>[\/vc_column_text][\/vc_column_inner][\/vc_row_inner][vc_row_inner el_class=\u00bbsection_mid\u00bb][vc_column_inner][vc_images_carousel images=\u00bb2109,2110,2111&#8243; img_size=\u00bbfull\u00bb onclick=\u00bblink_no\u00bb autoplay=\u00bbyes\u00bb hide_prev_next_buttons=\u00bbyes\u00bb wrap=\u00bbyes\u00bb css_animation=\u00bbfadeIn\u00bb][\/vc_column_inner][\/vc_row_inner][\/vc_column][\/vc_row][vc_row full_width=\u00bbstretch_row\u00bb el_class=\u00bbsection_large\u00bb][vc_column][vc_row_inner content_placement=\u00bbbottom\u00bb][vc_column_inner width=\u00bb9\/12&#8243;][vc_column_text css_animation=\u00bbfadeIn\u00bb]<\/p>\n<h2>Visita nuestro <span class=\"serif\">blog<\/span> de interioristas Andorra<\/h2>\n<p>[\/vc_column_text][vc_column_text css_animation=\u00bbfadeIn\u00bb]Insp\u00edrate con las \u00faltimas novedades del sector<br \/>\ny las tendencias en decoraci\u00f3n e interiorismo.[\/vc_column_text][\/vc_column_inner][vc_column_inner width=\u00bb3\/12&#8243;][vc_column_text el_class=\u00bbright\u00bb css=\u00bb.vc_custom_1704216676532{margin-top: 20px !important;}\u00bb]<\/p>\n<h4><a href=\"\/blog\/\">Todas las noticias<\/a><\/h4>\n<p>[\/vc_column_text][\/vc_column_inner][\/vc_row_inner][vc_row_inner el_class=\u00bbsection_mid\u00bb][vc_column_inner][vc_basic_grid post_type=\u00bbpost\u00bb max_items=\u00bb2&#8243; element_width=\u00bb6&#8243; gap=\u00bb20&#8243; item=\u00bb355&#8243; grid_id=\u00bbvc_gid:1704216382537-b57281241e902f611e34fd79ec00a35f-5&#8243;][\/vc_column_inner][\/vc_row_inner][\/vc_column][\/vc_row]<\/p>\n<\/section>","protected":false},"excerpt":{"rendered":"<p>[vc_row full_width=\u00bbstretch_row_content\u00bb full_height=\u00bbyes\u00bb css_animation=\u00bbfadeIn\u00bb el_class=\u00bbhomekey\u00bb][vc_column][\/vc_column][\/vc_row][vc_row full_width=\u00bbstretch_row\u00bb el_class=\u00bbsection_large\u00bb][vc_column][vc_row_inner content_placement=\u00bbbottom\u00bb][vc_column_inner width=\u00bb8\/12&#8243;][vc_column_text css_animation=\u00bbfadeIn\u00bb] Te ofrecemos servicios integrales y personalizados de interiorismo Andorra con una amplia gama de productos de primeras marcas internacionales [\/vc_column_text][vc_column_text css_animation=\u00bbfadeIn\u00bb]Nuestro conocimiento en marcas de dise\u00f1o contempor\u00e1neo nos permite asesorarte en la mejor selecci\u00f3n de productos. Contamos con una equipo de interioristas para ayudarte en [&hellip;]<\/p>\n","protected":false},"author":1,"featured_media":0,"parent":0,"menu_order":1,"comment_status":"closed","ping_status":"closed","template":"","meta":{"_acf_changed":false,"footnotes":""},"class_list":["post-2161","page","type-page","status-publish","hentry"],"acf":[],"yoast_head":"<!-- This site is optimized with the Yoast SEO plugin v27.6 - https:\/\/yoast.com\/product\/yoast-seo-wordpress\/ -->\n<title>Delta Moble \u2013 Interiorismo Andorra - Delta Moble<\/title>\n<meta name=\"robots\" content=\"index, follow, max-snippet:-1, max-image-preview:large, max-video-preview:-1\" \/>\n<link rel=\"canonical\" href=\"https:\/\/www.deltamobleandorra.com\/es\/\" \/>\n<meta property=\"og:locale\" content=\"es_ES\" \/>\n<meta property=\"og:type\" content=\"article\" \/>\n<meta property=\"og:title\" content=\"Delta Moble \u2013 Interiorismo Andorra - Delta Moble\" \/>\n<meta property=\"og:description\" content=\"[vc_row full_width=\u00bbstretch_row_content\u00bb full_height=\u00bbyes\u00bb css_animation=\u00bbfadeIn\u00bb el_class=\u00bbhomekey\u00bb][vc_column][\/vc_column][\/vc_row][vc_row full_width=\u00bbstretch_row\u00bb el_class=\u00bbsection_large\u00bb][vc_column][vc_row_inner content_placement=\u00bbbottom\u00bb][vc_column_inner width=\u00bb8\/12&#8243;][vc_column_text css_animation=\u00bbfadeIn\u00bb] Te ofrecemos servicios integrales y personalizados de interiorismo Andorra con una amplia gama de productos de primeras marcas internacionales [\/vc_column_text][vc_column_text css_animation=\u00bbfadeIn\u00bb]Nuestro conocimiento en marcas de dise\u00f1o contempor\u00e1neo nos permite asesorarte en la mejor selecci\u00f3n de productos. Contamos con una equipo de interioristas para ayudarte en [&hellip;]\" \/>\n<meta property=\"og:url\" content=\"https:\/\/www.deltamobleandorra.com\/es\/\" \/>\n<meta property=\"og:site_name\" content=\"Delta Moble\" \/>\n<meta property=\"article:publisher\" content=\"https:\/\/www.facebook.com\/deltamoble.and\/\" \/>\n<meta property=\"article:modified_time\" content=\"2024-01-02T17:31:19+00:00\" \/>\n<meta property=\"og:image\" content=\"https:\/\/www.deltamobleandorra.com\/wp-content\/uploads\/2021\/12\/Knoll-mod-Avio.jpg\" \/>\n\t<meta property=\"og:image:width\" content=\"800\" \/>\n\t<meta property=\"og:image:height\" content=\"800\" \/>\n\t<meta property=\"og:image:type\" content=\"image\/jpeg\" \/>\n<meta name=\"twitter:card\" content=\"summary_large_image\" \/>\n<meta name=\"twitter:label1\" content=\"Tiempo de lectura\" \/>\n\t<meta name=\"twitter:data1\" content=\"3 minutos\" \/>\n<script type=\"application\/ld+json\" class=\"yoast-schema-graph\">{\"@context\":\"https:\\\/\\\/schema.org\",\"@graph\":[{\"@type\":\"WebPage\",\"@id\":\"https:\\\/\\\/www.deltamobleandorra.com\\\/es\\\/\",\"url\":\"https:\\\/\\\/www.deltamobleandorra.com\\\/es\\\/\",\"name\":\"Delta Moble \u2013 Interiorismo Andorra - Delta Moble\",\"isPartOf\":{\"@id\":\"https:\\\/\\\/www.deltamobleandorra.com\\\/es\\\/#website\"},\"datePublished\":\"2021-11-16T11:17:46+00:00\",\"dateModified\":\"2024-01-02T17:31:19+00:00\",\"breadcrumb\":{\"@id\":\"https:\\\/\\\/www.deltamobleandorra.com\\\/es\\\/#breadcrumb\"},\"inLanguage\":\"es\",\"potentialAction\":[{\"@type\":\"ReadAction\",\"target\":[\"https:\\\/\\\/www.deltamobleandorra.com\\\/es\\\/\"]}]},{\"@type\":\"BreadcrumbList\",\"@id\":\"https:\\\/\\\/www.deltamobleandorra.com\\\/es\\\/#breadcrumb\",\"itemListElement\":[{\"@type\":\"ListItem\",\"position\":1,\"name\":\"Home\",\"item\":\"https:\\\/\\\/www.deltamobleandorra.com\\\/es\\\/\"},{\"@type\":\"ListItem\",\"position\":2,\"name\":\"Delta Moble \u2013 Interiorismo Andorra\"}]},{\"@type\":\"WebSite\",\"@id\":\"https:\\\/\\\/www.deltamobleandorra.com\\\/es\\\/#website\",\"url\":\"https:\\\/\\\/www.deltamobleandorra.com\\\/es\\\/\",\"name\":\"Delta Moble\",\"description\":\"Disseny, Innovaci\u00f3 i Modernitat - Escaldes-Engordany, Andorra\",\"publisher\":{\"@id\":\"https:\\\/\\\/www.deltamobleandorra.com\\\/es\\\/#organization\"},\"potentialAction\":[{\"@type\":\"SearchAction\",\"target\":{\"@type\":\"EntryPoint\",\"urlTemplate\":\"https:\\\/\\\/www.deltamobleandorra.com\\\/es\\\/?s={search_term_string}\"},\"query-input\":{\"@type\":\"PropertyValueSpecification\",\"valueRequired\":true,\"valueName\":\"search_term_string\"}}],\"inLanguage\":\"es\"},{\"@type\":\"Organization\",\"@id\":\"https:\\\/\\\/www.deltamobleandorra.com\\\/es\\\/#organization\",\"name\":\"Delta Moble\",\"url\":\"https:\\\/\\\/www.deltamobleandorra.com\\\/es\\\/\",\"logo\":{\"@type\":\"ImageObject\",\"inLanguage\":\"es\",\"@id\":\"https:\\\/\\\/www.deltamobleandorra.com\\\/es\\\/#\\\/schema\\\/logo\\\/image\\\/\",\"url\":\"http:\\\/\\\/www.deltamobleandorra.com\\\/wp-content\\\/uploads\\\/2021\\\/11\\\/Delta-Moble-Brand-Dark-1X.png\",\"contentUrl\":\"http:\\\/\\\/www.deltamobleandorra.com\\\/wp-content\\\/uploads\\\/2021\\\/11\\\/Delta-Moble-Brand-Dark-1X.png\",\"width\":189,\"height\":30,\"caption\":\"Delta Moble\"},\"image\":{\"@id\":\"https:\\\/\\\/www.deltamobleandorra.com\\\/es\\\/#\\\/schema\\\/logo\\\/image\\\/\"},\"sameAs\":[\"https:\\\/\\\/www.facebook.com\\\/deltamoble.and\\\/\",\"https:\\\/\\\/www.instagram.com\\\/deltamoble\"]}]}<\/script>\n<!-- \/ Yoast SEO plugin. -->","yoast_head_json":{"title":"Delta Moble \u2013 Interiorismo Andorra - Delta Moble","robots":{"index":"index","follow":"follow","max-snippet":"max-snippet:-1","max-image-preview":"max-image-preview:large","max-video-preview":"max-video-preview:-1"},"canonical":"https:\/\/www.deltamobleandorra.com\/es\/","og_locale":"es_ES","og_type":"article","og_title":"Delta Moble \u2013 Interiorismo Andorra - Delta Moble","og_description":"[vc_row full_width=\u00bbstretch_row_content\u00bb full_height=\u00bbyes\u00bb css_animation=\u00bbfadeIn\u00bb el_class=\u00bbhomekey\u00bb][vc_column][\/vc_column][\/vc_row][vc_row full_width=\u00bbstretch_row\u00bb el_class=\u00bbsection_large\u00bb][vc_column][vc_row_inner content_placement=\u00bbbottom\u00bb][vc_column_inner width=\u00bb8\/12&#8243;][vc_column_text css_animation=\u00bbfadeIn\u00bb] Te ofrecemos servicios integrales y personalizados de interiorismo Andorra con una amplia gama de productos de primeras marcas internacionales [\/vc_column_text][vc_column_text css_animation=\u00bbfadeIn\u00bb]Nuestro conocimiento en marcas de dise\u00f1o contempor\u00e1neo nos permite asesorarte en la mejor selecci\u00f3n de productos. Contamos con una equipo de interioristas para ayudarte en [&hellip;]","og_url":"https:\/\/www.deltamobleandorra.com\/es\/","og_site_name":"Delta Moble","article_publisher":"https:\/\/www.facebook.com\/deltamoble.and\/","article_modified_time":"2024-01-02T17:31:19+00:00","og_image":[{"width":800,"height":800,"url":"https:\/\/www.deltamobleandorra.com\/wp-content\/uploads\/2021\/12\/Knoll-mod-Avio.jpg","type":"image\/jpeg"}],"twitter_card":"summary_large_image","twitter_misc":{"Tiempo de lectura":"3 minutos"},"schema":{"@context":"https:\/\/schema.org","@graph":[{"@type":"WebPage","@id":"https:\/\/www.deltamobleandorra.com\/es\/","url":"https:\/\/www.deltamobleandorra.com\/es\/","name":"Delta Moble \u2013 Interiorismo Andorra - Delta Moble","isPartOf":{"@id":"https:\/\/www.deltamobleandorra.com\/es\/#website"},"datePublished":"2021-11-16T11:17:46+00:00","dateModified":"2024-01-02T17:31:19+00:00","breadcrumb":{"@id":"https:\/\/www.deltamobleandorra.com\/es\/#breadcrumb"},"inLanguage":"es","potentialAction":[{"@type":"ReadAction","target":["https:\/\/www.deltamobleandorra.com\/es\/"]}]},{"@type":"BreadcrumbList","@id":"https:\/\/www.deltamobleandorra.com\/es\/#breadcrumb","itemListElement":[{"@type":"ListItem","position":1,"name":"Home","item":"https:\/\/www.deltamobleandorra.com\/es\/"},{"@type":"ListItem","position":2,"name":"Delta Moble \u2013 Interiorismo Andorra"}]},{"@type":"WebSite","@id":"https:\/\/www.deltamobleandorra.com\/es\/#website","url":"https:\/\/www.deltamobleandorra.com\/es\/","name":"Delta Moble","description":"Disseny, Innovaci\u00f3 i Modernitat - Escaldes-Engordany, Andorra","publisher":{"@id":"https:\/\/www.deltamobleandorra.com\/es\/#organization"},"potentialAction":[{"@type":"SearchAction","target":{"@type":"EntryPoint","urlTemplate":"https:\/\/www.deltamobleandorra.com\/es\/?s={search_term_string}"},"query-input":{"@type":"PropertyValueSpecification","valueRequired":true,"valueName":"search_term_string"}}],"inLanguage":"es"},{"@type":"Organization","@id":"https:\/\/www.deltamobleandorra.com\/es\/#organization","name":"Delta Moble","url":"https:\/\/www.deltamobleandorra.com\/es\/","logo":{"@type":"ImageObject","inLanguage":"es","@id":"https:\/\/www.deltamobleandorra.com\/es\/#\/schema\/logo\/image\/","url":"https:\/\/www.deltamobleandorra.com\/wp-content\/uploads\/2021\/11\/Delta-Moble-Brand-Dark-1X.png","contentUrl":"https:\/\/www.deltamobleandorra.com\/wp-content\/uploads\/2021\/11\/Delta-Moble-Brand-Dark-1X.png","width":189,"height":30,"caption":"Delta Moble"},"image":{"@id":"https:\/\/www.deltamobleandorra.com\/es\/#\/schema\/logo\/image\/"},"sameAs":["https:\/\/www.facebook.com\/deltamoble.and\/","https:\/\/www.instagram.com\/deltamoble"]}]}},"_links":{"self":[{"href":"https:\/\/www.deltamobleandorra.com\/es\/wp-json\/wp\/v2\/pages\/2161","targetHints":{"allow":["GET"]}}],"collection":[{"href":"https:\/\/www.deltamobleandorra.com\/es\/wp-json\/wp\/v2\/pages"}],"about":[{"href":"https:\/\/www.deltamobleandorra.com\/es\/wp-json\/wp\/v2\/types\/page"}],"author":[{"embeddable":true,"href":"https:\/\/www.deltamobleandorra.com\/es\/wp-json\/wp\/v2\/users\/1"}],"replies":[{"embeddable":true,"href":"https:\/\/www.deltamobleandorra.com\/es\/wp-json\/wp\/v2\/comments?post=2161"}],"version-history":[{"count":31,"href":"https:\/\/www.deltamobleandorra.com\/es\/wp-json\/wp\/v2\/pages\/2161\/revisions"}],"predecessor-version":[{"id":3424,"href":"https:\/\/www.deltamobleandorra.com\/es\/wp-json\/wp\/v2\/pages\/2161\/revisions\/3424"}],"wp:attachment":[{"href":"https:\/\/www.deltamobleandorra.com\/es\/wp-json\/wp\/v2\/media?parent=2161"}],"curies":[{"name":"wp","href":"https:\/\/api.w.org\/{rel}","templated":true}]}}