{"id":2263,"date":"2021-11-18T15:35:29","date_gmt":"2021-11-18T13:35:29","guid":{"rendered":"https:\/\/www.deltamobleandorra.com\/productos\/juvenil\/"},"modified":"2023-02-21T17:11:25","modified_gmt":"2023-02-21T15:11:25","slug":"juvenil","status":"publish","type":"page","link":"https:\/\/www.deltamobleandorra.com\/es\/productos\/juvenil\/","title":{"rendered":"Juvenil"},"content":{"rendered":"<section class=\"wpb-content-wrapper\"><p>[vc_row full_width=\u00bbstretch_row\u00bb content_placement=\u00bbbottom\u00bb el_class=\u00bbsection_large\u00bb][vc_column el_class=\u00bbrwdhide\u00bb][vc_row_inner content_placement=\u00bbbottom\u00bb el_class=\u00bbpagekey\u00bb][vc_column_inner width=\u00bb1\/2&#8243;][vc_column_text css_animation=\u00bbfadeIn\u00bb]<\/p>\n<h1>Muebles Juveniles Andorra<\/h1>\n<p>[\/vc_column_text][vc_column_text css_animation=\u00bbfadeIn\u00bb]Habitaciones que crecen con los ni\u00f1os. Descubre nuestra selecci\u00f3n de marcas de dise\u00f1o para habitaciones infantiles y juveniles.[\/vc_column_text][\/vc_column_inner][vc_column_inner width=\u00bb1\/2&#8243;][vc_column_text el_class=\u00bbright\u00bb]<\/p>\n<h4><a href=\"https:\/\/www.deltamobleandorra.com\/es\/productos\/\">Volver a Productos<\/a><\/h4>\n<p>[\/vc_column_text][\/vc_column_inner][\/vc_row_inner][vc_row_inner el_class=\u00bbsection_large\u00bb][vc_column_inner][vc_masonry_grid post_type=\u00bbportfolio\u00bb max_items=\u00bb-1&#8243; gap=\u00bb25&#8243; orderby=\u00bbtitle\u00bb order=\u00bbASC\u00bb item=\u00bb149&#8243; initial_loading_animation=\u00bbnone\u00bb grid_id=\u00bbvc_gid:1676992191039-9dbd0d719c12b6c14056de3765534dd9-0&#8243; taxonomies=\u00bb15&#8243;][\/vc_column_inner][\/vc_row_inner][\/vc_column][\/vc_row][vc_row full_width=\u00bbstretch_row\u00bb content_placement=\u00bbbottom\u00bb el_class=\u00bbsection_mid\u00bb][vc_column el_class=\u00bbrwdhide\u00bb][vc_row_inner content_placement=\u00bbbottom\u00bb el_class=\u00bbpagekey\u00bb][vc_column_inner width=\u00bb2\/3&#8243;][vc_column_text css_animation=\u00bbfadeIn\u00bb]<\/p>\n<h2><span class=\"serif\">Descubre<\/span> Delta Moble<\/h2>\n<p>[\/vc_column_text][vc_column_text css_animation=\u00bbfadeIn\u00bb]Contamos con un equipo de interioristas para ayudarte en tus proyectos, tanto si eres un cliente particular como si eres un profesional del sector. Contacta con nosotros o visita nuestro showroom[\/vc_column_text][vc_btn title=\u00bbContacto\u00bb style=\u00bbflat\u00bb shape=\u00bbsquare\u00bb color=\u00bbblack\u00bb css_animation=\u00bbfadeIn\u00bb link=\u00bburl:http%3A%2F%2Fwww.deltamobleandorra.com%2Fcontacte%2F|title:Contacto%20Delta%20Moble|\u00bb css=\u00bb.vc_custom_1637236749882{margin-top: 30px !important;}\u00bb][\/vc_column_inner][vc_column_inner width=\u00bb1\/3&#8243;][\/vc_column_inner][\/vc_row_inner][\/vc_column][\/vc_row]<\/p>\n<\/section>","protected":false},"excerpt":{"rendered":"<p>[vc_row full_width=\u00bbstretch_row\u00bb content_placement=\u00bbbottom\u00bb el_class=\u00bbsection_large\u00bb][vc_column el_class=\u00bbrwdhide\u00bb][vc_row_inner content_placement=\u00bbbottom\u00bb el_class=\u00bbpagekey\u00bb][vc_column_inner width=\u00bb1\/2&#8243;][vc_column_text css_animation=\u00bbfadeIn\u00bb] Muebles Juveniles Andorra [\/vc_column_text][vc_column_text css_animation=\u00bbfadeIn\u00bb]Habitaciones que crecen con los ni\u00f1os. Descubre nuestra selecci\u00f3n de marcas de dise\u00f1o para habitaciones infantiles y juveniles.[\/vc_column_text][\/vc_column_inner][vc_column_inner width=\u00bb1\/2&#8243;][vc_column_text el_class=\u00bbright\u00bb] Volver a Productos [\/vc_column_text][\/vc_column_inner][\/vc_row_inner][vc_row_inner el_class=\u00bbsection_large\u00bb][vc_column_inner][vc_masonry_grid post_type=\u00bbportfolio\u00bb max_items=\u00bb-1&#8243; gap=\u00bb25&#8243; orderby=\u00bbtitle\u00bb order=\u00bbASC\u00bb item=\u00bb149&#8243; initial_loading_animation=\u00bbnone\u00bb grid_id=\u00bbvc_gid:1676992191039-9dbd0d719c12b6c14056de3765534dd9-0&#8243; taxonomies=\u00bb15&#8243;][\/vc_column_inner][\/vc_row_inner][\/vc_column][\/vc_row][vc_row full_width=\u00bbstretch_row\u00bb content_placement=\u00bbbottom\u00bb el_class=\u00bbsection_mid\u00bb][vc_column el_class=\u00bbrwdhide\u00bb][vc_row_inner content_placement=\u00bbbottom\u00bb el_class=\u00bbpagekey\u00bb][vc_column_inner width=\u00bb2\/3&#8243;][vc_column_text css_animation=\u00bbfadeIn\u00bb] [&hellip;]<\/p>\n","protected":false},"author":1,"featured_media":1794,"parent":2169,"menu_order":1,"comment_status":"closed","ping_status":"closed","template":"","meta":{"_acf_changed":false,"footnotes":""},"class_list":["post-2263","page","type-page","status-publish","has-post-thumbnail","hentry"],"acf":[],"yoast_head":"<!-- This site is optimized with the Yoast SEO plugin v27.4 - https:\/\/yoast.com\/product\/yoast-seo-wordpress\/ -->\n<title>Juvenil - Delta Moble<\/title>\n<meta name=\"robots\" content=\"index, follow, max-snippet:-1, max-image-preview:large, max-video-preview:-1\" \/>\n<link rel=\"canonical\" href=\"https:\/\/www.deltamobleandorra.com\/es\/productos\/juvenil\/\" \/>\n<meta property=\"og:locale\" content=\"es_ES\" \/>\n<meta property=\"og:type\" content=\"article\" \/>\n<meta property=\"og:title\" content=\"Juvenil - Delta Moble\" \/>\n<meta property=\"og:description\" content=\"[vc_row full_width=\u00bbstretch_row\u00bb content_placement=\u00bbbottom\u00bb el_class=\u00bbsection_large\u00bb][vc_column el_class=\u00bbrwdhide\u00bb][vc_row_inner content_placement=\u00bbbottom\u00bb el_class=\u00bbpagekey\u00bb][vc_column_inner width=\u00bb1\/2&#8243;][vc_column_text css_animation=\u00bbfadeIn\u00bb] Muebles Juveniles Andorra [\/vc_column_text][vc_column_text css_animation=\u00bbfadeIn\u00bb]Habitaciones que crecen con los ni\u00f1os. Descubre nuestra selecci\u00f3n de marcas de dise\u00f1o para habitaciones infantiles y juveniles.[\/vc_column_text][\/vc_column_inner][vc_column_inner width=\u00bb1\/2&#8243;][vc_column_text el_class=\u00bbright\u00bb] Volver a Productos [\/vc_column_text][\/vc_column_inner][\/vc_row_inner][vc_row_inner el_class=\u00bbsection_large\u00bb][vc_column_inner][vc_masonry_grid post_type=\u00bbportfolio\u00bb max_items=\u00bb-1&#8243; gap=\u00bb25&#8243; orderby=\u00bbtitle\u00bb order=\u00bbASC\u00bb item=\u00bb149&#8243; initial_loading_animation=\u00bbnone\u00bb grid_id=\u00bbvc_gid:1676992191039-9dbd0d719c12b6c14056de3765534dd9-0&#8243; taxonomies=\u00bb15&#8243;][\/vc_column_inner][\/vc_row_inner][\/vc_column][\/vc_row][vc_row full_width=\u00bbstretch_row\u00bb content_placement=\u00bbbottom\u00bb el_class=\u00bbsection_mid\u00bb][vc_column el_class=\u00bbrwdhide\u00bb][vc_row_inner content_placement=\u00bbbottom\u00bb el_class=\u00bbpagekey\u00bb][vc_column_inner width=\u00bb2\/3&#8243;][vc_column_text css_animation=\u00bbfadeIn\u00bb] [&hellip;]\" \/>\n<meta property=\"og:url\" content=\"https:\/\/www.deltamobleandorra.com\/es\/productos\/juvenil\/\" \/>\n<meta property=\"og:site_name\" content=\"Delta Moble\" \/>\n<meta property=\"article:publisher\" content=\"https:\/\/www.facebook.com\/deltamoble.and\/\" \/>\n<meta property=\"article:modified_time\" content=\"2023-02-21T15:11:25+00:00\" \/>\n<meta property=\"og:image\" content=\"https:\/\/www.deltamobleandorra.com\/wp-content\/uploads\/2021\/11\/Juvenil-Lago.jpg\" \/>\n\t<meta property=\"og:image:width\" content=\"900\" \/>\n\t<meta property=\"og:image:height\" content=\"600\" \/>\n\t<meta property=\"og:image:type\" content=\"image\/jpeg\" \/>\n<meta name=\"twitter:card\" content=\"summary_large_image\" \/>\n<meta name=\"twitter:label1\" content=\"Tiempo de lectura\" \/>\n\t<meta name=\"twitter:data1\" content=\"1 minuto\" \/>\n<script type=\"application\/ld+json\" class=\"yoast-schema-graph\">{\"@context\":\"https:\\\/\\\/schema.org\",\"@graph\":[{\"@type\":\"WebPage\",\"@id\":\"https:\\\/\\\/www.deltamobleandorra.com\\\/es\\\/productos\\\/juvenil\\\/\",\"url\":\"https:\\\/\\\/www.deltamobleandorra.com\\\/es\\\/productos\\\/juvenil\\\/\",\"name\":\"Juvenil - Delta Moble\",\"isPartOf\":{\"@id\":\"https:\\\/\\\/www.deltamobleandorra.com\\\/es\\\/#website\"},\"primaryImageOfPage\":{\"@id\":\"https:\\\/\\\/www.deltamobleandorra.com\\\/es\\\/productos\\\/juvenil\\\/#primaryimage\"},\"image\":{\"@id\":\"https:\\\/\\\/www.deltamobleandorra.com\\\/es\\\/productos\\\/juvenil\\\/#primaryimage\"},\"thumbnailUrl\":\"https:\\\/\\\/www.deltamobleandorra.com\\\/wp-content\\\/uploads\\\/2021\\\/11\\\/Juvenil-Lago.jpg\",\"datePublished\":\"2021-11-18T13:35:29+00:00\",\"dateModified\":\"2023-02-21T15:11:25+00:00\",\"breadcrumb\":{\"@id\":\"https:\\\/\\\/www.deltamobleandorra.com\\\/es\\\/productos\\\/juvenil\\\/#breadcrumb\"},\"inLanguage\":\"es\",\"potentialAction\":[{\"@type\":\"ReadAction\",\"target\":[\"https:\\\/\\\/www.deltamobleandorra.com\\\/es\\\/productos\\\/juvenil\\\/\"]}]},{\"@type\":\"ImageObject\",\"inLanguage\":\"es\",\"@id\":\"https:\\\/\\\/www.deltamobleandorra.com\\\/es\\\/productos\\\/juvenil\\\/#primaryimage\",\"url\":\"https:\\\/\\\/www.deltamobleandorra.com\\\/wp-content\\\/uploads\\\/2021\\\/11\\\/Juvenil-Lago.jpg\",\"contentUrl\":\"https:\\\/\\\/www.deltamobleandorra.com\\\/wp-content\\\/uploads\\\/2021\\\/11\\\/Juvenil-Lago.jpg\",\"width\":900,\"height\":600},{\"@type\":\"BreadcrumbList\",\"@id\":\"https:\\\/\\\/www.deltamobleandorra.com\\\/es\\\/productos\\\/juvenil\\\/#breadcrumb\",\"itemListElement\":[{\"@type\":\"ListItem\",\"position\":1,\"name\":\"Home\",\"item\":\"https:\\\/\\\/www.deltamobleandorra.com\\\/es\\\/\"},{\"@type\":\"ListItem\",\"position\":2,\"name\":\"Productos\",\"item\":\"https:\\\/\\\/www.deltamobleandorra.com\\\/es\\\/productos\\\/\"},{\"@type\":\"ListItem\",\"position\":3,\"name\":\"Juvenil\"}]},{\"@type\":\"WebSite\",\"@id\":\"https:\\\/\\\/www.deltamobleandorra.com\\\/es\\\/#website\",\"url\":\"https:\\\/\\\/www.deltamobleandorra.com\\\/es\\\/\",\"name\":\"Delta Moble\",\"description\":\"Disseny, Innovaci\u00f3 i Modernitat - Escaldes-Engordany, Andorra\",\"publisher\":{\"@id\":\"https:\\\/\\\/www.deltamobleandorra.com\\\/es\\\/#organization\"},\"potentialAction\":[{\"@type\":\"SearchAction\",\"target\":{\"@type\":\"EntryPoint\",\"urlTemplate\":\"https:\\\/\\\/www.deltamobleandorra.com\\\/es\\\/?s={search_term_string}\"},\"query-input\":{\"@type\":\"PropertyValueSpecification\",\"valueRequired\":true,\"valueName\":\"search_term_string\"}}],\"inLanguage\":\"es\"},{\"@type\":\"Organization\",\"@id\":\"https:\\\/\\\/www.deltamobleandorra.com\\\/es\\\/#organization\",\"name\":\"Delta Moble\",\"url\":\"https:\\\/\\\/www.deltamobleandorra.com\\\/es\\\/\",\"logo\":{\"@type\":\"ImageObject\",\"inLanguage\":\"es\",\"@id\":\"https:\\\/\\\/www.deltamobleandorra.com\\\/es\\\/#\\\/schema\\\/logo\\\/image\\\/\",\"url\":\"http:\\\/\\\/www.deltamobleandorra.com\\\/wp-content\\\/uploads\\\/2021\\\/11\\\/Delta-Moble-Brand-Dark-1X.png\",\"contentUrl\":\"http:\\\/\\\/www.deltamobleandorra.com\\\/wp-content\\\/uploads\\\/2021\\\/11\\\/Delta-Moble-Brand-Dark-1X.png\",\"width\":189,\"height\":30,\"caption\":\"Delta Moble\"},\"image\":{\"@id\":\"https:\\\/\\\/www.deltamobleandorra.com\\\/es\\\/#\\\/schema\\\/logo\\\/image\\\/\"},\"sameAs\":[\"https:\\\/\\\/www.facebook.com\\\/deltamoble.and\\\/\",\"https:\\\/\\\/www.instagram.com\\\/deltamoble\"]}]}<\/script>\n<!-- \/ Yoast SEO plugin. -->","yoast_head_json":{"title":"Juvenil - Delta Moble","robots":{"index":"index","follow":"follow","max-snippet":"max-snippet:-1","max-image-preview":"max-image-preview:large","max-video-preview":"max-video-preview:-1"},"canonical":"https:\/\/www.deltamobleandorra.com\/es\/productos\/juvenil\/","og_locale":"es_ES","og_type":"article","og_title":"Juvenil - Delta Moble","og_description":"[vc_row full_width=\u00bbstretch_row\u00bb content_placement=\u00bbbottom\u00bb el_class=\u00bbsection_large\u00bb][vc_column el_class=\u00bbrwdhide\u00bb][vc_row_inner content_placement=\u00bbbottom\u00bb el_class=\u00bbpagekey\u00bb][vc_column_inner width=\u00bb1\/2&#8243;][vc_column_text css_animation=\u00bbfadeIn\u00bb] Muebles Juveniles Andorra [\/vc_column_text][vc_column_text css_animation=\u00bbfadeIn\u00bb]Habitaciones que crecen con los ni\u00f1os. Descubre nuestra selecci\u00f3n de marcas de dise\u00f1o para habitaciones infantiles y juveniles.[\/vc_column_text][\/vc_column_inner][vc_column_inner width=\u00bb1\/2&#8243;][vc_column_text el_class=\u00bbright\u00bb] Volver a Productos [\/vc_column_text][\/vc_column_inner][\/vc_row_inner][vc_row_inner el_class=\u00bbsection_large\u00bb][vc_column_inner][vc_masonry_grid post_type=\u00bbportfolio\u00bb max_items=\u00bb-1&#8243; gap=\u00bb25&#8243; orderby=\u00bbtitle\u00bb order=\u00bbASC\u00bb item=\u00bb149&#8243; initial_loading_animation=\u00bbnone\u00bb grid_id=\u00bbvc_gid:1676992191039-9dbd0d719c12b6c14056de3765534dd9-0&#8243; taxonomies=\u00bb15&#8243;][\/vc_column_inner][\/vc_row_inner][\/vc_column][\/vc_row][vc_row full_width=\u00bbstretch_row\u00bb content_placement=\u00bbbottom\u00bb el_class=\u00bbsection_mid\u00bb][vc_column el_class=\u00bbrwdhide\u00bb][vc_row_inner content_placement=\u00bbbottom\u00bb el_class=\u00bbpagekey\u00bb][vc_column_inner width=\u00bb2\/3&#8243;][vc_column_text css_animation=\u00bbfadeIn\u00bb] [&hellip;]","og_url":"https:\/\/www.deltamobleandorra.com\/es\/productos\/juvenil\/","og_site_name":"Delta Moble","article_publisher":"https:\/\/www.facebook.com\/deltamoble.and\/","article_modified_time":"2023-02-21T15:11:25+00:00","og_image":[{"width":900,"height":600,"url":"https:\/\/www.deltamobleandorra.com\/wp-content\/uploads\/2021\/11\/Juvenil-Lago.jpg","type":"image\/jpeg"}],"twitter_card":"summary_large_image","twitter_misc":{"Tiempo de lectura":"1 minuto"},"schema":{"@context":"https:\/\/schema.org","@graph":[{"@type":"WebPage","@id":"https:\/\/www.deltamobleandorra.com\/es\/productos\/juvenil\/","url":"https:\/\/www.deltamobleandorra.com\/es\/productos\/juvenil\/","name":"Juvenil - Delta Moble","isPartOf":{"@id":"https:\/\/www.deltamobleandorra.com\/es\/#website"},"primaryImageOfPage":{"@id":"https:\/\/www.deltamobleandorra.com\/es\/productos\/juvenil\/#primaryimage"},"image":{"@id":"https:\/\/www.deltamobleandorra.com\/es\/productos\/juvenil\/#primaryimage"},"thumbnailUrl":"https:\/\/www.deltamobleandorra.com\/wp-content\/uploads\/2021\/11\/Juvenil-Lago.jpg","datePublished":"2021-11-18T13:35:29+00:00","dateModified":"2023-02-21T15:11:25+00:00","breadcrumb":{"@id":"https:\/\/www.deltamobleandorra.com\/es\/productos\/juvenil\/#breadcrumb"},"inLanguage":"es","potentialAction":[{"@type":"ReadAction","target":["https:\/\/www.deltamobleandorra.com\/es\/productos\/juvenil\/"]}]},{"@type":"ImageObject","inLanguage":"es","@id":"https:\/\/www.deltamobleandorra.com\/es\/productos\/juvenil\/#primaryimage","url":"https:\/\/www.deltamobleandorra.com\/wp-content\/uploads\/2021\/11\/Juvenil-Lago.jpg","contentUrl":"https:\/\/www.deltamobleandorra.com\/wp-content\/uploads\/2021\/11\/Juvenil-Lago.jpg","width":900,"height":600},{"@type":"BreadcrumbList","@id":"https:\/\/www.deltamobleandorra.com\/es\/productos\/juvenil\/#breadcrumb","itemListElement":[{"@type":"ListItem","position":1,"name":"Home","item":"https:\/\/www.deltamobleandorra.com\/es\/"},{"@type":"ListItem","position":2,"name":"Productos","item":"https:\/\/www.deltamobleandorra.com\/es\/productos\/"},{"@type":"ListItem","position":3,"name":"Juvenil"}]},{"@type":"WebSite","@id":"https:\/\/www.deltamobleandorra.com\/es\/#website","url":"https:\/\/www.deltamobleandorra.com\/es\/","name":"Delta Moble","description":"Disseny, Innovaci\u00f3 i Modernitat - Escaldes-Engordany, Andorra","publisher":{"@id":"https:\/\/www.deltamobleandorra.com\/es\/#organization"},"potentialAction":[{"@type":"SearchAction","target":{"@type":"EntryPoint","urlTemplate":"https:\/\/www.deltamobleandorra.com\/es\/?s={search_term_string}"},"query-input":{"@type":"PropertyValueSpecification","valueRequired":true,"valueName":"search_term_string"}}],"inLanguage":"es"},{"@type":"Organization","@id":"https:\/\/www.deltamobleandorra.com\/es\/#organization","name":"Delta Moble","url":"https:\/\/www.deltamobleandorra.com\/es\/","logo":{"@type":"ImageObject","inLanguage":"es","@id":"https:\/\/www.deltamobleandorra.com\/es\/#\/schema\/logo\/image\/","url":"https:\/\/www.deltamobleandorra.com\/wp-content\/uploads\/2021\/11\/Delta-Moble-Brand-Dark-1X.png","contentUrl":"https:\/\/www.deltamobleandorra.com\/wp-content\/uploads\/2021\/11\/Delta-Moble-Brand-Dark-1X.png","width":189,"height":30,"caption":"Delta Moble"},"image":{"@id":"https:\/\/www.deltamobleandorra.com\/es\/#\/schema\/logo\/image\/"},"sameAs":["https:\/\/www.facebook.com\/deltamoble.and\/","https:\/\/www.instagram.com\/deltamoble"]}]}},"_links":{"self":[{"href":"https:\/\/www.deltamobleandorra.com\/es\/wp-json\/wp\/v2\/pages\/2263","targetHints":{"allow":["GET"]}}],"collection":[{"href":"https:\/\/www.deltamobleandorra.com\/es\/wp-json\/wp\/v2\/pages"}],"about":[{"href":"https:\/\/www.deltamobleandorra.com\/es\/wp-json\/wp\/v2\/types\/page"}],"author":[{"embeddable":true,"href":"https:\/\/www.deltamobleandorra.com\/es\/wp-json\/wp\/v2\/users\/1"}],"replies":[{"embeddable":true,"href":"https:\/\/www.deltamobleandorra.com\/es\/wp-json\/wp\/v2\/comments?post=2263"}],"version-history":[{"count":6,"href":"https:\/\/www.deltamobleandorra.com\/es\/wp-json\/wp\/v2\/pages\/2263\/revisions"}],"predecessor-version":[{"id":3230,"href":"https:\/\/www.deltamobleandorra.com\/es\/wp-json\/wp\/v2\/pages\/2263\/revisions\/3230"}],"up":[{"embeddable":true,"href":"https:\/\/www.deltamobleandorra.com\/es\/wp-json\/wp\/v2\/pages\/2169"}],"wp:featuredmedia":[{"embeddable":true,"href":"https:\/\/www.deltamobleandorra.com\/es\/wp-json\/wp\/v2\/media\/1794"}],"wp:attachment":[{"href":"https:\/\/www.deltamobleandorra.com\/es\/wp-json\/wp\/v2\/media?parent=2263"}],"curies":[{"name":"wp","href":"https:\/\/api.w.org\/{rel}","templated":true}]}}