{"id":2334,"date":"2022-01-28T12:12:05","date_gmt":"2022-01-28T10:12:05","guid":{"rendered":"https:\/\/www.deltamobleandorra.com\/blog\/"},"modified":"2022-01-28T12:12:07","modified_gmt":"2022-01-28T10:12:07","slug":"blog","status":"publish","type":"page","link":"https:\/\/www.deltamobleandorra.com\/es\/blog\/","title":{"rendered":"Blog"},"content":{"rendered":"<section class=\"wpb-content-wrapper\"><p>[vc_row full_width=\u00bbstretch_row\u00bb css=\u00bb.vc_custom_1637224266777{border-bottom-width: 100px !important;}\u00bb el_class=\u00bbsection_large\u00bb][vc_column][vc_row_inner content_placement=\u00bbbottom\u00bb el_class=\u00bbpagekey\u00bb][vc_column_inner el_class=\u00bbrwdhide\u00bb width=\u00bb1\/2&#8243;][vc_column_text]<\/p>\n<h2>Delta <span class=\"serif\">Blog<\/span><\/h2>\n<p>[\/vc_column_text][vc_column_text]Insp\u00edrate con las \u00faltimas novedades y tendencias en decoraci\u00f3n e interiorismo.[\/vc_column_text][\/vc_column_inner][vc_column_inner el_class=\u00bbright\u00bb width=\u00bb1\/2&#8243;][\/vc_column_inner][\/vc_row_inner][vc_row_inner el_class=\u00bbsection_large\u00bb][vc_column_inner el_class=\u00bbrwdhide\u00bb][vc_basic_grid post_type=\u00bbpost\u00bb max_items=\u00bb-1&#8243; element_width=\u00bb6&#8243; gap=\u00bb20&#8243; item=\u00bb355&#8243; grid_id=\u00bbvc_gid:1637237281673-e94ad054-e4dc-3&#8243;][\/vc_column_inner][\/vc_row_inner][\/vc_column][\/vc_row]<\/p>\n<\/section>","protected":false},"excerpt":{"rendered":"<p>[vc_row full_width=\u00bbstretch_row\u00bb css=\u00bb.vc_custom_1637224266777{border-bottom-width: 100px !important;}\u00bb el_class=\u00bbsection_large\u00bb][vc_column][vc_row_inner content_placement=\u00bbbottom\u00bb el_class=\u00bbpagekey\u00bb][vc_column_inner el_class=\u00bbrwdhide\u00bb width=\u00bb1\/2&#8243;][vc_column_text] Delta Blog [\/vc_column_text][vc_column_text]Insp\u00edrate con las \u00faltimas novedades y tendencias en decoraci\u00f3n e interiorismo.[\/vc_column_text][\/vc_column_inner][vc_column_inner el_class=\u00bbright\u00bb width=\u00bb1\/2&#8243;][\/vc_column_inner][\/vc_row_inner][vc_row_inner el_class=\u00bbsection_large\u00bb][vc_column_inner el_class=\u00bbrwdhide\u00bb][vc_basic_grid post_type=\u00bbpost\u00bb max_items=\u00bb-1&#8243; element_width=\u00bb6&#8243; gap=\u00bb20&#8243; item=\u00bb355&#8243; grid_id=\u00bbvc_gid:1637237281673-e94ad054-e4dc-3&#8243;][\/vc_column_inner][\/vc_row_inner][\/vc_column][\/vc_row]<\/p>\n","protected":false},"author":1,"featured_media":0,"parent":0,"menu_order":3,"comment_status":"closed","ping_status":"closed","template":"","meta":{"_acf_changed":false,"footnotes":""},"class_list":["post-2334","page","type-page","status-publish","hentry"],"acf":[],"yoast_head":"<!-- This site is optimized with the Yoast SEO plugin v27.5 - https:\/\/yoast.com\/product\/yoast-seo-wordpress\/ -->\n<title>Blog - Delta Moble<\/title>\n<meta name=\"robots\" content=\"index, follow, max-snippet:-1, max-image-preview:large, max-video-preview:-1\" \/>\n<link rel=\"canonical\" href=\"https:\/\/www.deltamobleandorra.com\/es\/blog\/\" \/>\n<meta property=\"og:locale\" content=\"es_ES\" \/>\n<meta property=\"og:type\" content=\"article\" \/>\n<meta property=\"og:title\" content=\"Blog - Delta Moble\" \/>\n<meta property=\"og:description\" content=\"[vc_row full_width=\u00bbstretch_row\u00bb css=\u00bb.vc_custom_1637224266777{border-bottom-width: 100px !important;}\u00bb el_class=\u00bbsection_large\u00bb][vc_column][vc_row_inner content_placement=\u00bbbottom\u00bb el_class=\u00bbpagekey\u00bb][vc_column_inner el_class=\u00bbrwdhide\u00bb width=\u00bb1\/2&#8243;][vc_column_text] Delta Blog [\/vc_column_text][vc_column_text]Insp\u00edrate con las \u00faltimas novedades y tendencias en decoraci\u00f3n e interiorismo.[\/vc_column_text][\/vc_column_inner][vc_column_inner el_class=\u00bbright\u00bb width=\u00bb1\/2&#8243;][\/vc_column_inner][\/vc_row_inner][vc_row_inner el_class=\u00bbsection_large\u00bb][vc_column_inner el_class=\u00bbrwdhide\u00bb][vc_basic_grid post_type=\u00bbpost\u00bb max_items=\u00bb-1&#8243; element_width=\u00bb6&#8243; gap=\u00bb20&#8243; item=\u00bb355&#8243; grid_id=\u00bbvc_gid:1637237281673-e94ad054-e4dc-3&#8243;][\/vc_column_inner][\/vc_row_inner][\/vc_column][\/vc_row]\" \/>\n<meta property=\"og:url\" content=\"https:\/\/www.deltamobleandorra.com\/es\/blog\/\" \/>\n<meta property=\"og:site_name\" content=\"Delta Moble\" \/>\n<meta property=\"article:publisher\" content=\"https:\/\/www.facebook.com\/deltamoble.and\/\" \/>\n<meta property=\"article:modified_time\" content=\"2022-01-28T10:12:07+00:00\" \/>\n<meta property=\"og:image\" content=\"https:\/\/www.deltamobleandorra.com\/wp-content\/uploads\/2021\/12\/Knoll-mod-Avio.jpg\" \/>\n\t<meta property=\"og:image:width\" content=\"800\" \/>\n\t<meta property=\"og:image:height\" content=\"800\" \/>\n\t<meta property=\"og:image:type\" content=\"image\/jpeg\" \/>\n<meta name=\"twitter:card\" content=\"summary_large_image\" \/>\n<meta name=\"twitter:label1\" content=\"Tiempo de lectura\" \/>\n\t<meta name=\"twitter:data1\" content=\"1 minuto\" \/>\n<script type=\"application\/ld+json\" class=\"yoast-schema-graph\">{\"@context\":\"https:\\\/\\\/schema.org\",\"@graph\":[{\"@type\":\"WebPage\",\"@id\":\"https:\\\/\\\/www.deltamobleandorra.com\\\/es\\\/blog\\\/\",\"url\":\"https:\\\/\\\/www.deltamobleandorra.com\\\/es\\\/blog\\\/\",\"name\":\"Blog - Delta Moble\",\"isPartOf\":{\"@id\":\"https:\\\/\\\/www.deltamobleandorra.com\\\/es\\\/#website\"},\"datePublished\":\"2022-01-28T10:12:05+00:00\",\"dateModified\":\"2022-01-28T10:12:07+00:00\",\"breadcrumb\":{\"@id\":\"https:\\\/\\\/www.deltamobleandorra.com\\\/es\\\/blog\\\/#breadcrumb\"},\"inLanguage\":\"es\",\"potentialAction\":[{\"@type\":\"ReadAction\",\"target\":[\"https:\\\/\\\/www.deltamobleandorra.com\\\/es\\\/blog\\\/\"]}]},{\"@type\":\"BreadcrumbList\",\"@id\":\"https:\\\/\\\/www.deltamobleandorra.com\\\/es\\\/blog\\\/#breadcrumb\",\"itemListElement\":[{\"@type\":\"ListItem\",\"position\":1,\"name\":\"Home\",\"item\":\"https:\\\/\\\/www.deltamobleandorra.com\\\/es\\\/\"},{\"@type\":\"ListItem\",\"position\":2,\"name\":\"Blog\"}]},{\"@type\":\"WebSite\",\"@id\":\"https:\\\/\\\/www.deltamobleandorra.com\\\/es\\\/#website\",\"url\":\"https:\\\/\\\/www.deltamobleandorra.com\\\/es\\\/\",\"name\":\"Delta Moble\",\"description\":\"Disseny, Innovaci\u00f3 i Modernitat - Escaldes-Engordany, Andorra\",\"publisher\":{\"@id\":\"https:\\\/\\\/www.deltamobleandorra.com\\\/es\\\/#organization\"},\"potentialAction\":[{\"@type\":\"SearchAction\",\"target\":{\"@type\":\"EntryPoint\",\"urlTemplate\":\"https:\\\/\\\/www.deltamobleandorra.com\\\/es\\\/?s={search_term_string}\"},\"query-input\":{\"@type\":\"PropertyValueSpecification\",\"valueRequired\":true,\"valueName\":\"search_term_string\"}}],\"inLanguage\":\"es\"},{\"@type\":\"Organization\",\"@id\":\"https:\\\/\\\/www.deltamobleandorra.com\\\/es\\\/#organization\",\"name\":\"Delta Moble\",\"url\":\"https:\\\/\\\/www.deltamobleandorra.com\\\/es\\\/\",\"logo\":{\"@type\":\"ImageObject\",\"inLanguage\":\"es\",\"@id\":\"https:\\\/\\\/www.deltamobleandorra.com\\\/es\\\/#\\\/schema\\\/logo\\\/image\\\/\",\"url\":\"http:\\\/\\\/www.deltamobleandorra.com\\\/wp-content\\\/uploads\\\/2021\\\/11\\\/Delta-Moble-Brand-Dark-1X.png\",\"contentUrl\":\"http:\\\/\\\/www.deltamobleandorra.com\\\/wp-content\\\/uploads\\\/2021\\\/11\\\/Delta-Moble-Brand-Dark-1X.png\",\"width\":189,\"height\":30,\"caption\":\"Delta Moble\"},\"image\":{\"@id\":\"https:\\\/\\\/www.deltamobleandorra.com\\\/es\\\/#\\\/schema\\\/logo\\\/image\\\/\"},\"sameAs\":[\"https:\\\/\\\/www.facebook.com\\\/deltamoble.and\\\/\",\"https:\\\/\\\/www.instagram.com\\\/deltamoble\"]}]}<\/script>\n<!-- \/ Yoast SEO plugin. -->","yoast_head_json":{"title":"Blog - Delta Moble","robots":{"index":"index","follow":"follow","max-snippet":"max-snippet:-1","max-image-preview":"max-image-preview:large","max-video-preview":"max-video-preview:-1"},"canonical":"https:\/\/www.deltamobleandorra.com\/es\/blog\/","og_locale":"es_ES","og_type":"article","og_title":"Blog - Delta Moble","og_description":"[vc_row full_width=\u00bbstretch_row\u00bb css=\u00bb.vc_custom_1637224266777{border-bottom-width: 100px !important;}\u00bb el_class=\u00bbsection_large\u00bb][vc_column][vc_row_inner content_placement=\u00bbbottom\u00bb el_class=\u00bbpagekey\u00bb][vc_column_inner el_class=\u00bbrwdhide\u00bb width=\u00bb1\/2&#8243;][vc_column_text] Delta Blog [\/vc_column_text][vc_column_text]Insp\u00edrate con las \u00faltimas novedades y tendencias en decoraci\u00f3n e interiorismo.[\/vc_column_text][\/vc_column_inner][vc_column_inner el_class=\u00bbright\u00bb width=\u00bb1\/2&#8243;][\/vc_column_inner][\/vc_row_inner][vc_row_inner el_class=\u00bbsection_large\u00bb][vc_column_inner el_class=\u00bbrwdhide\u00bb][vc_basic_grid post_type=\u00bbpost\u00bb max_items=\u00bb-1&#8243; element_width=\u00bb6&#8243; gap=\u00bb20&#8243; item=\u00bb355&#8243; grid_id=\u00bbvc_gid:1637237281673-e94ad054-e4dc-3&#8243;][\/vc_column_inner][\/vc_row_inner][\/vc_column][\/vc_row]","og_url":"https:\/\/www.deltamobleandorra.com\/es\/blog\/","og_site_name":"Delta Moble","article_publisher":"https:\/\/www.facebook.com\/deltamoble.and\/","article_modified_time":"2022-01-28T10:12:07+00:00","og_image":[{"width":800,"height":800,"url":"https:\/\/www.deltamobleandorra.com\/wp-content\/uploads\/2021\/12\/Knoll-mod-Avio.jpg","type":"image\/jpeg"}],"twitter_card":"summary_large_image","twitter_misc":{"Tiempo de lectura":"1 minuto"},"schema":{"@context":"https:\/\/schema.org","@graph":[{"@type":"WebPage","@id":"https:\/\/www.deltamobleandorra.com\/es\/blog\/","url":"https:\/\/www.deltamobleandorra.com\/es\/blog\/","name":"Blog - Delta Moble","isPartOf":{"@id":"https:\/\/www.deltamobleandorra.com\/es\/#website"},"datePublished":"2022-01-28T10:12:05+00:00","dateModified":"2022-01-28T10:12:07+00:00","breadcrumb":{"@id":"https:\/\/www.deltamobleandorra.com\/es\/blog\/#breadcrumb"},"inLanguage":"es","potentialAction":[{"@type":"ReadAction","target":["https:\/\/www.deltamobleandorra.com\/es\/blog\/"]}]},{"@type":"BreadcrumbList","@id":"https:\/\/www.deltamobleandorra.com\/es\/blog\/#breadcrumb","itemListElement":[{"@type":"ListItem","position":1,"name":"Home","item":"https:\/\/www.deltamobleandorra.com\/es\/"},{"@type":"ListItem","position":2,"name":"Blog"}]},{"@type":"WebSite","@id":"https:\/\/www.deltamobleandorra.com\/es\/#website","url":"https:\/\/www.deltamobleandorra.com\/es\/","name":"Delta Moble","description":"Disseny, Innovaci\u00f3 i Modernitat - Escaldes-Engordany, Andorra","publisher":{"@id":"https:\/\/www.deltamobleandorra.com\/es\/#organization"},"potentialAction":[{"@type":"SearchAction","target":{"@type":"EntryPoint","urlTemplate":"https:\/\/www.deltamobleandorra.com\/es\/?s={search_term_string}"},"query-input":{"@type":"PropertyValueSpecification","valueRequired":true,"valueName":"search_term_string"}}],"inLanguage":"es"},{"@type":"Organization","@id":"https:\/\/www.deltamobleandorra.com\/es\/#organization","name":"Delta Moble","url":"https:\/\/www.deltamobleandorra.com\/es\/","logo":{"@type":"ImageObject","inLanguage":"es","@id":"https:\/\/www.deltamobleandorra.com\/es\/#\/schema\/logo\/image\/","url":"https:\/\/www.deltamobleandorra.com\/wp-content\/uploads\/2021\/11\/Delta-Moble-Brand-Dark-1X.png","contentUrl":"https:\/\/www.deltamobleandorra.com\/wp-content\/uploads\/2021\/11\/Delta-Moble-Brand-Dark-1X.png","width":189,"height":30,"caption":"Delta Moble"},"image":{"@id":"https:\/\/www.deltamobleandorra.com\/es\/#\/schema\/logo\/image\/"},"sameAs":["https:\/\/www.facebook.com\/deltamoble.and\/","https:\/\/www.instagram.com\/deltamoble"]}]}},"_links":{"self":[{"href":"https:\/\/www.deltamobleandorra.com\/es\/wp-json\/wp\/v2\/pages\/2334","targetHints":{"allow":["GET"]}}],"collection":[{"href":"https:\/\/www.deltamobleandorra.com\/es\/wp-json\/wp\/v2\/pages"}],"about":[{"href":"https:\/\/www.deltamobleandorra.com\/es\/wp-json\/wp\/v2\/types\/page"}],"author":[{"embeddable":true,"href":"https:\/\/www.deltamobleandorra.com\/es\/wp-json\/wp\/v2\/users\/1"}],"replies":[{"embeddable":true,"href":"https:\/\/www.deltamobleandorra.com\/es\/wp-json\/wp\/v2\/comments?post=2334"}],"version-history":[{"count":3,"href":"https:\/\/www.deltamobleandorra.com\/es\/wp-json\/wp\/v2\/pages\/2334\/revisions"}],"predecessor-version":[{"id":2337,"href":"https:\/\/www.deltamobleandorra.com\/es\/wp-json\/wp\/v2\/pages\/2334\/revisions\/2337"}],"wp:attachment":[{"href":"https:\/\/www.deltamobleandorra.com\/es\/wp-json\/wp\/v2\/media?parent=2334"}],"curies":[{"name":"wp","href":"https:\/\/api.w.org\/{rel}","templated":true}]}}